{"id":47,"date":"2017-06-21T10:33:35","date_gmt":"2017-06-21T10:33:35","guid":{"rendered":"http:\/\/www.ht-sport.fi\/?page_id=47"},"modified":"2017-07-10T22:03:56","modified_gmt":"2017-07-10T19:03:56","slug":"vacustyler-info","status":"publish","type":"page","link":"http:\/\/www.ht-sport.fi\/?page_id=47","title":{"rendered":"Vacustyler info"},"content":{"rendered":"<p>Vacustyler on High Care Medicalin kehitt\u00e4m\u00e4 high-tech uutuus. Laite toimii avaruustutkimuksissa sovellettujen periaatteiden mukaisesti. Astronauttien tila avaruudessa ilman kehon alaosan alipainelaitetta vaikeutuisi, sill\u00e4 painottomasta tilasta johtuen syd\u00e4n ei pysty kierr\u00e4tt\u00e4m\u00e4\u00e4n verta kehon alaosiin riitt\u00e4v\u00e4sti. T\u00e4h\u00e4n perustuen Vacustyler kehitettiin yhteisty\u00f6ss\u00e4 Nasan asiantuntijoiden ja l\u00e4\u00e4k\u00e4reiden kanssa. LBNPD-menetelm\u00e4\u00e4n (Lower Body Negative Pressure Dervice) perustuva Vacustyler-alipainehoito on miellytt\u00e4v\u00e4 fysioterapiamenetelm\u00e4 joka on osoittanut tehokkuutensa. Vacustyler toimii k\u00e4ytt\u00e4m\u00e4ll\u00e4 imu- ja puristuspainetta, siis positiivista ja negatiivista atmosf\u00e4\u00e4rist\u00e4 painetta. Alipaineen aikana k\u00e4sitelt\u00e4ville alueille, jalkoihin virtaa verta ja happea. Positiivinen paine kuljettaa k\u00e4ytetyn veren ja kuona-aineet verisuonten jalymfakierron kautta kehon puhdistettavaksi. Hoito avaa kapillaarisuonet ja edist\u00e4\u00e4 solujen ravinnonsaantia. Hapen yhdist\u00e4minen Vacustyler-laitteeseen tehostaa kaikkia hoitoja. Hoito vaikuttaa my\u00f6s positiivisesti luustoon sek\u00e4 samalla vastustuskyky virustartuntoja vastaan lis\u00e4\u00e4ntyy. Vacustyler hoito on my\u00f6s urheilijoiden suosima. Hoito edist\u00e4\u00e4 palauttumista ja parantaa suorituskyky\u00e4. Monet suuret urheiluseurat, mm. FC Barcelona, Club Ak-Bars Kazan ja Club HK Metallurg Magnitogorsk k\u00e4ytt\u00e4v\u00e4t Vacustyleria.<\/p>\n","protected":false},"excerpt":{"rendered":"<p>Vacustyler on High Care Medicalin kehitt\u00e4m\u00e4 high-tech uutuus. Laite toimii avaruustutkimuksissa sovellettujen periaatteiden mukaisesti. Astronauttien tila avaruudessa ilman kehon alaosan alipainelaitetta vaikeutuisi, sill\u00e4 painottomasta tilasta johtuen syd\u00e4n ei pysty kierr\u00e4tt\u00e4m\u00e4\u00e4n verta kehon alaosiin riitt\u00e4v\u00e4sti.&#46;&#46;&#46;<\/p>\n","protected":false},"author":2,"featured_media":0,"parent":0,"menu_order":0,"comment_status":"closed","ping_status":"closed","template":"","meta":[],"yoast_head":"<!-- This site is optimized with the Yoast SEO plugin v14.9 - https:\/\/yoast.com\/wordpress\/plugins\/seo\/ -->\n<title>Vacustyler info - H&amp;T Sport Future Health<\/title>\n<meta name=\"robots\" content=\"index, follow, max-snippet:-1, max-image-preview:large, max-video-preview:-1\" \/>\n<link rel=\"canonical\" href=\"http:\/\/www.ht-sport.fi\/?page_id=47\" \/>\n<meta property=\"og:locale\" content=\"fi_FI\" \/>\n<meta property=\"og:type\" content=\"article\" \/>\n<meta property=\"og:title\" content=\"Vacustyler info - H&amp;T Sport Future Health\" \/>\n<meta property=\"og:description\" content=\"Vacustyler on High Care Medicalin kehitt\u00e4m\u00e4 high-tech uutuus. Laite toimii avaruustutkimuksissa sovellettujen periaatteiden mukaisesti. Astronauttien tila avaruudessa ilman kehon alaosan alipainelaitetta vaikeutuisi, sill\u00e4 painottomasta tilasta johtuen syd\u00e4n ei pysty kierr\u00e4tt\u00e4m\u00e4\u00e4n verta kehon alaosiin riitt\u00e4v\u00e4sti.&#046;&#046;&#046;\" \/>\n<meta property=\"og:url\" content=\"http:\/\/www.ht-sport.fi\/?page_id=47\" \/>\n<meta property=\"og:site_name\" content=\"H&amp;T Sport Future Health\" \/>\n<meta property=\"article:publisher\" content=\"http:\/\/fb.me\/HTSportHealth\" \/>\n<meta property=\"article:modified_time\" content=\"2017-07-10T19:03:56+00:00\" \/>\n<meta name=\"twitter:card\" content=\"summary\" \/>\n<script type=\"application\/ld+json\" class=\"yoast-schema-graph\">{\"@context\":\"https:\/\/schema.org\",\"@graph\":[{\"@type\":\"Organization\",\"@id\":\"http:\/\/www.ht-sport.fi\/#organization\",\"name\":\"H&T Sport Future Health\",\"url\":\"http:\/\/www.ht-sport.fi\/\",\"sameAs\":[\"http:\/\/fb.me\/HTSportHealth\"],\"logo\":{\"@type\":\"ImageObject\",\"@id\":\"http:\/\/www.ht-sport.fi\/#logo\",\"inLanguage\":\"fi\",\"url\":\"http:\/\/www.ht-sport.fi\/wp-content\/uploads\/2017\/06\/image.jpeg\",\"width\":310,\"height\":240,\"caption\":\"H&T Sport Future Health\"},\"image\":{\"@id\":\"http:\/\/www.ht-sport.fi\/#logo\"}},{\"@type\":\"WebSite\",\"@id\":\"http:\/\/www.ht-sport.fi\/#website\",\"url\":\"http:\/\/www.ht-sport.fi\/\",\"name\":\"H&amp;T Sport Future Health\",\"description\":\"\",\"publisher\":{\"@id\":\"http:\/\/www.ht-sport.fi\/#organization\"},\"potentialAction\":[{\"@type\":\"SearchAction\",\"target\":\"http:\/\/www.ht-sport.fi\/?s={search_term_string}\",\"query-input\":\"required name=search_term_string\"}],\"inLanguage\":\"fi\"},{\"@type\":\"WebPage\",\"@id\":\"http:\/\/www.ht-sport.fi\/?page_id=47#webpage\",\"url\":\"http:\/\/www.ht-sport.fi\/?page_id=47\",\"name\":\"Vacustyler info - H&amp;T Sport Future Health\",\"isPartOf\":{\"@id\":\"http:\/\/www.ht-sport.fi\/#website\"},\"datePublished\":\"2017-06-21T10:33:35+00:00\",\"dateModified\":\"2017-07-10T19:03:56+00:00\",\"inLanguage\":\"fi\",\"potentialAction\":[{\"@type\":\"ReadAction\",\"target\":[\"http:\/\/www.ht-sport.fi\/?page_id=47\"]}]}]}<\/script>\n<!-- \/ Yoast SEO plugin. -->","_links":{"self":[{"href":"http:\/\/www.ht-sport.fi\/index.php?rest_route=\/wp\/v2\/pages\/47"}],"collection":[{"href":"http:\/\/www.ht-sport.fi\/index.php?rest_route=\/wp\/v2\/pages"}],"about":[{"href":"http:\/\/www.ht-sport.fi\/index.php?rest_route=\/wp\/v2\/types\/page"}],"author":[{"embeddable":true,"href":"http:\/\/www.ht-sport.fi\/index.php?rest_route=\/wp\/v2\/users\/2"}],"replies":[{"embeddable":true,"href":"http:\/\/www.ht-sport.fi\/index.php?rest_route=%2Fwp%2Fv2%2Fcomments&post=47"}],"version-history":[{"count":3,"href":"http:\/\/www.ht-sport.fi\/index.php?rest_route=\/wp\/v2\/pages\/47\/revisions"}],"predecessor-version":[{"id":298,"href":"http:\/\/www.ht-sport.fi\/index.php?rest_route=\/wp\/v2\/pages\/47\/revisions\/298"}],"wp:attachment":[{"href":"http:\/\/www.ht-sport.fi\/index.php?rest_route=%2Fwp%2Fv2%2Fmedia&parent=47"}],"curies":[{"name":"wp","href":"https:\/\/api.w.org\/{rel}","templated":true}]}}