{"id":153,"date":"2017-07-03T11:27:36","date_gmt":"2017-07-03T11:27:36","guid":{"rendered":"http:\/\/www.ht-sport.fi\/?page_id=153"},"modified":"2020-10-18T10:35:58","modified_gmt":"2020-10-18T07:35:58","slug":"hinnasto","status":"publish","type":"page","link":"https:\/\/www.ht-sport.fi\/?page_id=153","title":{"rendered":"Hinnasto"},"content":{"rendered":"<p><span style=\"color: #003366; font-size: 14pt;\"><strong>Day Off \u00a0 \ud83d\ude42 \u00a0<\/strong><\/span><br \/>\nVacustyler alipainehoito, palauttava ja stressi\u00e4 poistava Neurosonic-hoito.<br \/>\n60min 89\u20ac<\/p>\n<p><span style=\"color: #003366; font-size: 14pt;\"><strong>Sporttihoito<\/strong><\/span><\/p>\n<p><strong><span style=\"color: #003366;\">Sport-Combo<\/span><\/strong><\/p>\n<p><strong>Vacustyler-alipainehoito<\/strong>, ionisoitu happi, kolmen alueen<br \/>\nlihaskalvojen avaus sek\u00e4 Neurosonic-hoito<br \/>\n1h 30min 120\u20ac<br \/>\nSarjakortti<br \/>\n5x 1h 30min 480\u20ac<\/p>\n<p><strong>Vacustyler-alipainehoito<\/strong>, ionisoitu happi sek\u00e4 lihaskalvojen avaus<br \/>\nalipaineella toimivalla imukupilla.<br \/>\n60min 105\u20ac<\/p>\n<p><span style=\"color: #003366;\"><strong>Sporttihoito-sarjakortit<\/strong><\/span><br \/>\n3 x sarja 270\u20ac<br \/>\n5 x sarja 420\u20ac<br \/>\n10 x sarja 720\u20ac<\/p>\n<p><span style=\"color: #003366;\"><strong>Vacustyler-alipainehoito<\/strong><\/span><br \/>\nPalauttava, aineenvahduntaa aktivoiva sek\u00e4 terveytt\u00e4 edist\u00e4v\u00e4.<br \/>\n35min 40\u20ac<\/p>\n<p><span style=\"color: #003366;\"><strong>Neurosonic-hoito<\/strong><\/span><br \/>\nPalauttava, kipua lievitt\u00e4v\u00e4, stressi\u00e4 purkava. Auttaa my\u00f6s unettomuuteen.<br \/>\n35min 35\u20ac<br \/>\n5 x sarja 140\u20ac<br \/>\n10 x sarja 249\u20ac<\/p>\n<p><strong><span style=\"color: #003366;\">Sports Lady kasvohoito<\/span><\/strong><br \/>\nPuhdistus, kuorinta, kiinteytt\u00e4v\u00e4 imukuppihieronta<br \/>\nmesoampulli + ultra\u00e4\u00e4ni<br \/>\nsek\u00e4 kosteuttava ja heleytt\u00e4v\u00e4 naamio.<br \/>\n50min 89\u20ac<\/p>\n<p><strong><span style=\"color: #003366;\">Rentouttava<\/span><\/strong><br \/>\npurentalihaksien imukuppihieronta<br \/>\nja kalvojen avaus 30 min.\u00a0 45\u20ac<\/p>\n<div style=\"left: -3000px; width: 1000px; overflow: hidden; position: fixed;\" contenteditable=\"false\">\n<div contenteditable=\"true\">\n<p><!-- x-tinymce\/html --><\/p>\n<p style=\"text-align: left;\">3 x sarja 270\u20ac<br \/>\n5 x sarja 420\u20ac<\/p>\n<p>10 x sarja 720\u20ac<\/p>\n<\/div>\n<\/div>\n","protected":false},"excerpt":{"rendered":"<p>Day Off \u00a0 \ud83d\ude42 \u00a0 Vacustyler alipainehoito, palauttava ja stressi\u00e4 poistava Neurosonic-hoito. 60min 89\u20ac Sporttihoito Sport-Combo Vacustyler-alipainehoito, ionisoitu happi, kolmen alueen lihaskalvojen avaus sek\u00e4 Neurosonic-hoito 1h 30min 120\u20ac Sarjakortti 5x 1h 30min 480\u20ac Vacustyler-alipainehoito,&#46;&#46;&#46;<\/p>\n","protected":false},"author":1,"featured_media":0,"parent":0,"menu_order":0,"comment_status":"closed","ping_status":"closed","template":"","meta":[],"yoast_head":"<!-- This site is optimized with the Yoast SEO plugin v14.9 - https:\/\/yoast.com\/wordpress\/plugins\/seo\/ -->\n<title>Hinnasto - H&amp;T Sport Future Health<\/title>\n<meta name=\"robots\" content=\"index, follow, max-snippet:-1, max-image-preview:large, max-video-preview:-1\" \/>\n<link rel=\"canonical\" href=\"http:\/\/www.ht-sport.fi\/?page_id=153\" \/>\n<meta property=\"og:locale\" content=\"fi_FI\" \/>\n<meta property=\"og:type\" content=\"article\" \/>\n<meta property=\"og:title\" content=\"Hinnasto - H&amp;T Sport Future Health\" \/>\n<meta property=\"og:description\" content=\"Day Off \u00a0 \ud83d\ude42 \u00a0 Vacustyler alipainehoito, palauttava ja stressi\u00e4 poistava Neurosonic-hoito. 60min 89\u20ac Sporttihoito Sport-Combo Vacustyler-alipainehoito, ionisoitu happi, kolmen alueen lihaskalvojen avaus sek\u00e4 Neurosonic-hoito 1h 30min 120\u20ac Sarjakortti 5x 1h 30min 480\u20ac Vacustyler-alipainehoito,&#046;&#046;&#046;\" \/>\n<meta property=\"og:url\" content=\"http:\/\/www.ht-sport.fi\/?page_id=153\" \/>\n<meta property=\"og:site_name\" content=\"H&amp;T Sport Future Health\" \/>\n<meta property=\"article:publisher\" content=\"http:\/\/fb.me\/HTSportHealth\" \/>\n<meta property=\"article:modified_time\" content=\"2020-10-18T07:35:58+00:00\" \/>\n<meta name=\"twitter:card\" content=\"summary\" \/>\n<script type=\"application\/ld+json\" class=\"yoast-schema-graph\">{\"@context\":\"https:\/\/schema.org\",\"@graph\":[{\"@type\":\"Organization\",\"@id\":\"https:\/\/www.ht-sport.fi\/#organization\",\"name\":\"H&T Sport Future Health\",\"url\":\"https:\/\/www.ht-sport.fi\/\",\"sameAs\":[\"http:\/\/fb.me\/HTSportHealth\"],\"logo\":{\"@type\":\"ImageObject\",\"@id\":\"https:\/\/www.ht-sport.fi\/#logo\",\"inLanguage\":\"fi\",\"url\":\"https:\/\/www.ht-sport.fi\/wp-content\/uploads\/2017\/06\/image.jpeg\",\"width\":310,\"height\":240,\"caption\":\"H&T Sport Future Health\"},\"image\":{\"@id\":\"https:\/\/www.ht-sport.fi\/#logo\"}},{\"@type\":\"WebSite\",\"@id\":\"https:\/\/www.ht-sport.fi\/#website\",\"url\":\"https:\/\/www.ht-sport.fi\/\",\"name\":\"H&amp;T Sport Future Health\",\"description\":\"\",\"publisher\":{\"@id\":\"https:\/\/www.ht-sport.fi\/#organization\"},\"potentialAction\":[{\"@type\":\"SearchAction\",\"target\":\"https:\/\/www.ht-sport.fi\/?s={search_term_string}\",\"query-input\":\"required name=search_term_string\"}],\"inLanguage\":\"fi\"},{\"@type\":\"WebPage\",\"@id\":\"http:\/\/www.ht-sport.fi\/?page_id=153#webpage\",\"url\":\"http:\/\/www.ht-sport.fi\/?page_id=153\",\"name\":\"Hinnasto - H&amp;T Sport Future Health\",\"isPartOf\":{\"@id\":\"https:\/\/www.ht-sport.fi\/#website\"},\"datePublished\":\"2017-07-03T11:27:36+00:00\",\"dateModified\":\"2020-10-18T07:35:58+00:00\",\"inLanguage\":\"fi\",\"potentialAction\":[{\"@type\":\"ReadAction\",\"target\":[\"http:\/\/www.ht-sport.fi\/?page_id=153\"]}]}]}<\/script>\n<!-- \/ Yoast SEO plugin. -->","_links":{"self":[{"href":"https:\/\/www.ht-sport.fi\/index.php?rest_route=\/wp\/v2\/pages\/153"}],"collection":[{"href":"https:\/\/www.ht-sport.fi\/index.php?rest_route=\/wp\/v2\/pages"}],"about":[{"href":"https:\/\/www.ht-sport.fi\/index.php?rest_route=\/wp\/v2\/types\/page"}],"author":[{"embeddable":true,"href":"https:\/\/www.ht-sport.fi\/index.php?rest_route=\/wp\/v2\/users\/1"}],"replies":[{"embeddable":true,"href":"https:\/\/www.ht-sport.fi\/index.php?rest_route=%2Fwp%2Fv2%2Fcomments&post=153"}],"version-history":[{"count":28,"href":"https:\/\/www.ht-sport.fi\/index.php?rest_route=\/wp\/v2\/pages\/153\/revisions"}],"predecessor-version":[{"id":407,"href":"https:\/\/www.ht-sport.fi\/index.php?rest_route=\/wp\/v2\/pages\/153\/revisions\/407"}],"wp:attachment":[{"href":"https:\/\/www.ht-sport.fi\/index.php?rest_route=%2Fwp%2Fv2%2Fmedia&parent=153"}],"curies":[{"name":"wp","href":"https:\/\/api.w.org\/{rel}","templated":true}]}}