{"id":17,"date":"2017-06-21T09:52:52","date_gmt":"2017-06-21T09:52:52","guid":{"rendered":"http:\/\/www.ht-sport.fi\/?page_id=17"},"modified":"2018-06-14T21:39:04","modified_gmt":"2018-06-14T18:39:04","slug":"home","status":"publish","type":"page","link":"https:\/\/www.ht-sport.fi\/","title":{"rendered":"Home"},"content":{"rendered":"<p><span style=\"color: #000080; font-size: 18pt;\"><strong><span style=\"color: #000000;\"><a href=\"http:\/\/www.ht-sport.fi\/wp-content\/uploads\/2018\/06\/IMG_20180613_155124.jpg\"><img loading=\"lazy\" class=\"alignright size-medium wp-image-374\" src=\"http:\/\/www.ht-sport.fi\/wp-content\/uploads\/2018\/06\/IMG_20180613_155124-169x300.jpg\" alt=\"\" width=\"169\" height=\"300\" srcset=\"https:\/\/www.ht-sport.fi\/wp-content\/uploads\/2018\/06\/IMG_20180613_155124-169x300.jpg 169w, https:\/\/www.ht-sport.fi\/wp-content\/uploads\/2018\/06\/IMG_20180613_155124-768x1362.jpg 768w, https:\/\/www.ht-sport.fi\/wp-content\/uploads\/2018\/06\/IMG_20180613_155124-577x1024.jpg 577w, https:\/\/www.ht-sport.fi\/wp-content\/uploads\/2018\/06\/IMG_20180613_155124.jpg 2044w\" sizes=\"(max-width: 169px) 100vw, 169px\" \/><\/a>Tervetuloa<\/span> <span style=\"color: #003366;\">H&amp;T Sport Future Health <\/span><span style=\"color: #000000;\">yrityksen\u00a0kotisivuille<\/span><\/strong><\/span><\/p>\n<p><span style=\"color: #003366;\"><b>Olen Heidi<\/b><\/span><\/p>\n<p>Perustin H&amp;T Sportin rakkaudesta urheiluun. Haluan v\u00e4litt\u00e4\u00e4 kokonaisvaltaista hyvinvointia kaiken ik\u00e4isille ihmisille.<\/p>\n<p style=\"text-align: left;\">Syd\u00e4mell\u00e4ni on urheilijat sek\u00e4 kipua sairastavat henkil\u00f6t ja toki kaikki apua tarvitsevat ihmiset.<br \/>\nSairastan itse kroonista kipusairautta ja olen saanut n\u00e4ist\u00e4 hoidoista apua kivun hallintaan sek\u00e4 urheilevana ihmisen\u00e4 my\u00f6s palautumiseen. Toivonkin koko syd\u00e4mest\u00e4ni, ett\u00e4 voin auttaa mahdollisimman monia ihmisi\u00e4 hoidoillani. Teen ty\u00f6t\u00e4ni rakkaudesta kaikkeen mik\u00e4 auttaa muita ihmisi\u00e4. &#8220;El\u00e4 t\u00e4ss\u00e4 hetkess\u00e4 ja nauti kaikesta mit\u00e4 sinulla on&#8221;. Ajattelen n\u00e4in ja haluan my\u00f6s el\u00e4\u00e4 sen todeksi.<\/p>\n<p><span style=\"color: #003366;\">Tervetuloa voimaan hyvin kanssani<\/span><br \/>\n<span style=\"color: #003366;\"> Heidi<\/span><\/p>\n","protected":false},"excerpt":{"rendered":"<p>Tervetuloa H&amp;T Sport Future Health yrityksen\u00a0kotisivuille Olen Heidi Perustin H&amp;T Sportin rakkaudesta urheiluun. Haluan v\u00e4litt\u00e4\u00e4 kokonaisvaltaista hyvinvointia kaiken ik\u00e4isille ihmisille. Syd\u00e4mell\u00e4ni on urheilijat sek\u00e4 kipua sairastavat henkil\u00f6t ja toki kaikki apua tarvitsevat ihmiset. Sairastan&#46;&#46;&#46;<\/p>\n","protected":false},"author":2,"featured_media":0,"parent":0,"menu_order":0,"comment_status":"closed","ping_status":"closed","template":"","meta":[],"yoast_head":"<!-- This site is optimized with the Yoast SEO plugin v14.9 - https:\/\/yoast.com\/wordpress\/plugins\/seo\/ -->\n<title>Home - H&amp;T Sport Future Health<\/title>\n<meta name=\"robots\" content=\"index, follow, max-snippet:-1, max-image-preview:large, max-video-preview:-1\" \/>\n<link rel=\"canonical\" href=\"http:\/\/www.ht-sport.fi\/\" \/>\n<meta property=\"og:locale\" content=\"fi_FI\" \/>\n<meta property=\"og:type\" content=\"article\" \/>\n<meta property=\"og:title\" content=\"Home - H&amp;T Sport Future Health\" \/>\n<meta property=\"og:description\" content=\"Tervetuloa H&amp;T Sport Future Health yrityksen\u00a0kotisivuille Olen Heidi Perustin H&amp;T Sportin rakkaudesta urheiluun. Haluan v\u00e4litt\u00e4\u00e4 kokonaisvaltaista hyvinvointia kaiken ik\u00e4isille ihmisille. Syd\u00e4mell\u00e4ni on urheilijat sek\u00e4 kipua sairastavat henkil\u00f6t ja toki kaikki apua tarvitsevat ihmiset. Sairastan&#046;&#046;&#046;\" \/>\n<meta property=\"og:url\" content=\"http:\/\/www.ht-sport.fi\/\" \/>\n<meta property=\"og:site_name\" content=\"H&amp;T Sport Future Health\" \/>\n<meta property=\"article:publisher\" content=\"http:\/\/fb.me\/HTSportHealth\" \/>\n<meta property=\"article:modified_time\" content=\"2018-06-14T18:39:04+00:00\" \/>\n<meta property=\"og:image\" content=\"http:\/\/www.ht-sport.fi\/wp-content\/uploads\/2018\/06\/IMG_20180613_155124-169x300.jpg\" \/>\n<meta name=\"twitter:card\" content=\"summary\" \/>\n<script type=\"application\/ld+json\" class=\"yoast-schema-graph\">{\"@context\":\"https:\/\/schema.org\",\"@graph\":[{\"@type\":\"Organization\",\"@id\":\"https:\/\/www.ht-sport.fi\/#organization\",\"name\":\"H&T Sport Future Health\",\"url\":\"https:\/\/www.ht-sport.fi\/\",\"sameAs\":[\"http:\/\/fb.me\/HTSportHealth\"],\"logo\":{\"@type\":\"ImageObject\",\"@id\":\"https:\/\/www.ht-sport.fi\/#logo\",\"inLanguage\":\"fi\",\"url\":\"https:\/\/www.ht-sport.fi\/wp-content\/uploads\/2017\/06\/image.jpeg\",\"width\":310,\"height\":240,\"caption\":\"H&T Sport Future Health\"},\"image\":{\"@id\":\"https:\/\/www.ht-sport.fi\/#logo\"}},{\"@type\":\"WebSite\",\"@id\":\"https:\/\/www.ht-sport.fi\/#website\",\"url\":\"https:\/\/www.ht-sport.fi\/\",\"name\":\"H&amp;T Sport Future Health\",\"description\":\"\",\"publisher\":{\"@id\":\"https:\/\/www.ht-sport.fi\/#organization\"},\"potentialAction\":[{\"@type\":\"SearchAction\",\"target\":\"https:\/\/www.ht-sport.fi\/?s={search_term_string}\",\"query-input\":\"required name=search_term_string\"}],\"inLanguage\":\"fi\"},{\"@type\":\"ImageObject\",\"@id\":\"http:\/\/www.ht-sport.fi\/#primaryimage\",\"inLanguage\":\"fi\",\"url\":\"http:\/\/www.ht-sport.fi\/wp-content\/uploads\/2018\/06\/IMG_20180613_155124-169x300.jpg\"},{\"@type\":\"WebPage\",\"@id\":\"http:\/\/www.ht-sport.fi\/#webpage\",\"url\":\"http:\/\/www.ht-sport.fi\/\",\"name\":\"Home - H&amp;T Sport Future Health\",\"isPartOf\":{\"@id\":\"https:\/\/www.ht-sport.fi\/#website\"},\"primaryImageOfPage\":{\"@id\":\"http:\/\/www.ht-sport.fi\/#primaryimage\"},\"datePublished\":\"2017-06-21T09:52:52+00:00\",\"dateModified\":\"2018-06-14T18:39:04+00:00\",\"inLanguage\":\"fi\",\"potentialAction\":[{\"@type\":\"ReadAction\",\"target\":[\"http:\/\/www.ht-sport.fi\/\"]}]}]}<\/script>\n<!-- \/ Yoast SEO plugin. -->","_links":{"self":[{"href":"https:\/\/www.ht-sport.fi\/index.php?rest_route=\/wp\/v2\/pages\/17"}],"collection":[{"href":"https:\/\/www.ht-sport.fi\/index.php?rest_route=\/wp\/v2\/pages"}],"about":[{"href":"https:\/\/www.ht-sport.fi\/index.php?rest_route=\/wp\/v2\/types\/page"}],"author":[{"embeddable":true,"href":"https:\/\/www.ht-sport.fi\/index.php?rest_route=\/wp\/v2\/users\/2"}],"replies":[{"embeddable":true,"href":"https:\/\/www.ht-sport.fi\/index.php?rest_route=%2Fwp%2Fv2%2Fcomments&post=17"}],"version-history":[{"count":27,"href":"https:\/\/www.ht-sport.fi\/index.php?rest_route=\/wp\/v2\/pages\/17\/revisions"}],"predecessor-version":[{"id":377,"href":"https:\/\/www.ht-sport.fi\/index.php?rest_route=\/wp\/v2\/pages\/17\/revisions\/377"}],"wp:attachment":[{"href":"https:\/\/www.ht-sport.fi\/index.php?rest_route=%2Fwp%2Fv2%2Fmedia&parent=17"}],"curies":[{"name":"wp","href":"https:\/\/api.w.org\/{rel}","templated":true}]}}