{"id":42,"date":"2017-06-21T10:30:41","date_gmt":"2017-06-21T10:30:41","guid":{"rendered":"http:\/\/www.ht-sport.fi\/?page_id=42"},"modified":"2017-07-06T09:59:58","modified_gmt":"2017-07-06T09:59:58","slug":"vacustyler-alipainehoito","status":"publish","type":"page","link":"https:\/\/www.ht-sport.fi\/?page_id=42","title":{"rendered":"Vacustyler alipainehoito"},"content":{"rendered":"<p><a href=\"http:\/\/www.ht-sport.fi\/?page_id=47\">(Jos haluat lis\u00e4infoa menetelm\u00e4st\u00e4 niin klikkaa t\u00e4st\u00e4)<\/a><\/p>\n<p style=\"text-align: left;\"><span style=\"color: #000080; font-size: 14pt;\"><b>Suoritustason nousu<\/b><\/span><br \/>\nKorkeampi suorituskapasiteetti ammattiurheilussa<br \/>\n\u2714 Parantaa verenkiertoa ja lis\u00e4\u00e4 happea veress\u00e4<br \/>\n\u2714 Parantaa keskittymiskyky\u00e4, vahvistaa mielt\u00e4 ja tahdonvoimaa<br \/>\n\u2714 Lihasten lepoj\u00e4ykkyys laskee hoidon j\u00e4lkeen parantaen notkeutta ja kest\u00e4vyytt\u00e4<\/p>\n<p style=\"text-align: left;\"><span style=\"color: #000080; font-size: 14pt;\"><b>Palautuminen<\/b><\/span><br \/>\nNopeampi palautuminen p\u00e4ivitt\u00e4isen urheilun sek\u00e4 kilpasuorituksen j\u00e4lkeen<br \/>\n\u2714 Maitohapot pilkkoutuvat nopeammin<br \/>\n\u2714 Perinteinen j\u00e4\u00e4hdyttely tehostuu<br \/>\n\u2714 Valtimo- ja laskimoveren vaihdos puhdistaa kudosta, mik\u00e4 vahvistaa luustolihaksia ja vastustuskyky\u00e4<br \/>\n\u2714 Positiiviset ja negatiiviset painevaihdokset hierovat v\u00e4syneit\u00e4 lihaksia<\/p>\n<p style=\"text-align: left;\"><span style=\"color: #000080; font-size: 14pt;\"><b>Kuntoutus<\/b><\/span><br \/>\nNopeampi paraneminen lievempien loukkaantumisten j\u00e4lkeen nopeamman imunesteen virtauksen ansiosta<br \/>\n\u2714 Loukkaantumiset<br \/>\n\u2714 Urheiljoille yleiset nivusalueen ongelmat<br \/>\n\u2714 L\u00e4hent\u00e4j\u00e4lihaksen ven\u00e4hdys<br \/>\n\u2714 Selk\u00e4kivut lannenikamassa ja v\u00e4lilevynpullistuma<br \/>\n\u2714 Puujalka<\/p>\n<p style=\"text-align: left;\"><span style=\"color: #000080; font-size: 14pt;\"><strong>Hoitosuositus<\/strong><\/span><br \/>\nHoitom\u00e4\u00e4r\u00e4 ja hoitojen v\u00e4li suositellaan yksil\u00f6llisesti sarjahoitona. Hoidon kesto on 35 min. ja voidaan ottaa esim 2-3 kertaa viikossa .<\/p>\n","protected":false},"excerpt":{"rendered":"<p>(Jos haluat lis\u00e4infoa menetelm\u00e4st\u00e4 niin klikkaa t\u00e4st\u00e4) Suoritustason nousu Korkeampi suorituskapasiteetti ammattiurheilussa \u2714 Parantaa verenkiertoa ja lis\u00e4\u00e4 happea veress\u00e4 \u2714 Parantaa keskittymiskyky\u00e4, vahvistaa mielt\u00e4 ja tahdonvoimaa \u2714 Lihasten lepoj\u00e4ykkyys laskee hoidon j\u00e4lkeen parantaen notkeutta&#46;&#46;&#46;<\/p>\n","protected":false},"author":2,"featured_media":0,"parent":0,"menu_order":0,"comment_status":"closed","ping_status":"closed","template":"","meta":[],"yoast_head":"<!-- This site is optimized with the Yoast SEO plugin v14.9 - https:\/\/yoast.com\/wordpress\/plugins\/seo\/ -->\n<title>Vacustyler alipainehoito - H&amp;T Sport Future Health<\/title>\n<meta name=\"robots\" content=\"index, follow, max-snippet:-1, max-image-preview:large, max-video-preview:-1\" \/>\n<link rel=\"canonical\" href=\"http:\/\/www.ht-sport.fi\/?page_id=42\" \/>\n<meta property=\"og:locale\" content=\"fi_FI\" \/>\n<meta property=\"og:type\" content=\"article\" \/>\n<meta property=\"og:title\" content=\"Vacustyler alipainehoito - H&amp;T Sport Future Health\" \/>\n<meta property=\"og:description\" content=\"(Jos haluat lis\u00e4infoa menetelm\u00e4st\u00e4 niin klikkaa t\u00e4st\u00e4) Suoritustason nousu Korkeampi suorituskapasiteetti ammattiurheilussa \u2714 Parantaa verenkiertoa ja lis\u00e4\u00e4 happea veress\u00e4 \u2714 Parantaa keskittymiskyky\u00e4, vahvistaa mielt\u00e4 ja tahdonvoimaa \u2714 Lihasten lepoj\u00e4ykkyys laskee hoidon j\u00e4lkeen parantaen notkeutta&#046;&#046;&#046;\" \/>\n<meta property=\"og:url\" content=\"http:\/\/www.ht-sport.fi\/?page_id=42\" \/>\n<meta property=\"og:site_name\" content=\"H&amp;T Sport Future Health\" \/>\n<meta property=\"article:publisher\" content=\"http:\/\/fb.me\/HTSportHealth\" \/>\n<meta property=\"article:modified_time\" content=\"2017-07-06T09:59:58+00:00\" \/>\n<meta name=\"twitter:card\" content=\"summary\" \/>\n<script type=\"application\/ld+json\" class=\"yoast-schema-graph\">{\"@context\":\"https:\/\/schema.org\",\"@graph\":[{\"@type\":\"Organization\",\"@id\":\"https:\/\/www.ht-sport.fi\/#organization\",\"name\":\"H&T Sport Future Health\",\"url\":\"https:\/\/www.ht-sport.fi\/\",\"sameAs\":[\"http:\/\/fb.me\/HTSportHealth\"],\"logo\":{\"@type\":\"ImageObject\",\"@id\":\"https:\/\/www.ht-sport.fi\/#logo\",\"inLanguage\":\"fi\",\"url\":\"https:\/\/www.ht-sport.fi\/wp-content\/uploads\/2017\/06\/image.jpeg\",\"width\":310,\"height\":240,\"caption\":\"H&T Sport Future Health\"},\"image\":{\"@id\":\"https:\/\/www.ht-sport.fi\/#logo\"}},{\"@type\":\"WebSite\",\"@id\":\"https:\/\/www.ht-sport.fi\/#website\",\"url\":\"https:\/\/www.ht-sport.fi\/\",\"name\":\"H&amp;T Sport Future Health\",\"description\":\"\",\"publisher\":{\"@id\":\"https:\/\/www.ht-sport.fi\/#organization\"},\"potentialAction\":[{\"@type\":\"SearchAction\",\"target\":\"https:\/\/www.ht-sport.fi\/?s={search_term_string}\",\"query-input\":\"required name=search_term_string\"}],\"inLanguage\":\"fi\"},{\"@type\":\"WebPage\",\"@id\":\"http:\/\/www.ht-sport.fi\/?page_id=42#webpage\",\"url\":\"http:\/\/www.ht-sport.fi\/?page_id=42\",\"name\":\"Vacustyler alipainehoito - H&amp;T Sport Future Health\",\"isPartOf\":{\"@id\":\"https:\/\/www.ht-sport.fi\/#website\"},\"datePublished\":\"2017-06-21T10:30:41+00:00\",\"dateModified\":\"2017-07-06T09:59:58+00:00\",\"inLanguage\":\"fi\",\"potentialAction\":[{\"@type\":\"ReadAction\",\"target\":[\"http:\/\/www.ht-sport.fi\/?page_id=42\"]}]}]}<\/script>\n<!-- \/ Yoast SEO plugin. -->","_links":{"self":[{"href":"https:\/\/www.ht-sport.fi\/index.php?rest_route=\/wp\/v2\/pages\/42"}],"collection":[{"href":"https:\/\/www.ht-sport.fi\/index.php?rest_route=\/wp\/v2\/pages"}],"about":[{"href":"https:\/\/www.ht-sport.fi\/index.php?rest_route=\/wp\/v2\/types\/page"}],"author":[{"embeddable":true,"href":"https:\/\/www.ht-sport.fi\/index.php?rest_route=\/wp\/v2\/users\/2"}],"replies":[{"embeddable":true,"href":"https:\/\/www.ht-sport.fi\/index.php?rest_route=%2Fwp%2Fv2%2Fcomments&post=42"}],"version-history":[{"count":14,"href":"https:\/\/www.ht-sport.fi\/index.php?rest_route=\/wp\/v2\/pages\/42\/revisions"}],"predecessor-version":[{"id":218,"href":"https:\/\/www.ht-sport.fi\/index.php?rest_route=\/wp\/v2\/pages\/42\/revisions\/218"}],"wp:attachment":[{"href":"https:\/\/www.ht-sport.fi\/index.php?rest_route=%2Fwp%2Fv2%2Fmedia&parent=42"}],"curies":[{"name":"wp","href":"https:\/\/api.w.org\/{rel}","templated":true}]}}